{"id":3562,"date":"2022-06-22T15:47:47","date_gmt":"2022-06-22T13:47:47","guid":{"rendered":"https:\/\/www.mengutas.com\/en\/?page_id=3562"},"modified":"2025-10-06T11:22:56","modified_gmt":"2025-10-06T09:22:56","slug":"student-contract","status":"publish","type":"page","link":"https:\/\/www.mengutas.com\/en\/student-contract\/","title":{"rendered":"Student Contract"},"content":{"rendered":"<p><img loading=\"lazy\" decoding=\"async\" class=\"aligncenter size-full wp-image-3563\" src=\"https:\/\/www.mengutas.com\/en\/wp-content\/uploads\/2022\/06\/Contract.jpg\" alt=\"\" width=\"1280\" height=\"640\" srcset=\"https:\/\/www.mengutas.com\/en\/wp-content\/uploads\/2022\/06\/Contract.jpg 1280w, https:\/\/www.mengutas.com\/en\/wp-content\/uploads\/2022\/06\/Contract-300x150.jpg 300w, https:\/\/www.mengutas.com\/en\/wp-content\/uploads\/2022\/06\/Contract-1024x512.jpg 1024w, https:\/\/www.mengutas.com\/en\/wp-content\/uploads\/2022\/06\/Contract-768x384.jpg 768w, https:\/\/www.mengutas.com\/en\/wp-content\/uploads\/2022\/06\/Contract-800x400.jpg 800w, https:\/\/www.mengutas.com\/en\/wp-content\/uploads\/2022\/06\/Contract-580x290.jpg 580w\" sizes=\"auto, (max-width: 1280px) 100vw, 1280px\" \/><\/p>\n<p><span style=\"color: #0000ff;\"><strong><em>Meng\u00fcta\u015f Student Contract<\/em><\/strong><\/span><\/p>\n<ol>\n<li>The authority to change or reschedule classes, change class hours, classrooms and teachers belongs to the management of MENG\u00dcTA\u015e.<\/li>\n<li>Registration fees for classes that are canceled due to reasons originating from MENG\u00dcTA\u015e are returned. In order to receive a refund, an invoice or original receipt, a petition, a valid ID of the student and an IBAN number are required.<\/li>\n<li>If temporarily freeze registration is shown as a valid excuse, the class change is possible within the possibilities. Registration freeze is valid for a maximum of 6 months.<\/li>\n<li>The institution has the authority to update the course fees according to the minimum wage increase and inflation rate determined by the state.<\/li>\n<li><strong><em>The fee will not be refunded for a course that will not be attended without a valid reason. If the student transfers his\/her rights to another new student, he\/she will be able to get his\/her fee refunded.<\/em><\/strong><\/li>\n<li>School invitation acceptance fees for visa are Turkish course registration fees. If the visa is rejected, you can take Turkish group lessons remotely; there is no refund.<\/li>\n<li>If the student cannot attend classes, he\/she may request additional lessons. Students who want to take additional lessons up to 8 hours can take advantage of the discounted private lesson fee (550 TL \/ Hour).<\/li>\n<li>For the course period paid for, the student may transfer his \/ her tuition fee to someone else, for the same or another language during the first week of that course period.<\/li>\n<li>For courses that will last more than one month, students who will join the first month and will not be able to come for any reason during the following months must still pay the course fee for the following months.<\/li>\n<li>The students who are registered to the courses in MENG\u00dcTA\u015e are deemed to have accepted all the above conditions.<\/li>\n<\/ol>\n<p><span style=\"color: #0000ff;\"><strong>The Management of Meng\u00fcta\u015f Language School<\/strong><\/span><\/p>\n","protected":false},"excerpt":{"rendered":"<p>Meng\u00fcta\u015f Student Contract The authority to change or reschedule classes, change class hours, classrooms and teachers belongs to the management of MENG\u00dcTA\u015e. Registration fees for classes that are canceled due to reasons originating from MENG\u00dcTA\u015e are returned. In order to receive a refund, an invoice or original receipt, a petition, [\u2026] <\/p>\n<div class=\"clear\"><\/div>\n<p><a class=\"more_link clearfix\" href=\"https:\/\/www.mengutas.com\/en\/student-contract\/\" rel=\"nofollow\">Read More<\/a><\/p>\n","protected":false},"author":1,"featured_media":0,"parent":0,"menu_order":7,"comment_status":"closed","ping_status":"closed","template":"page-templates\/template-full-width.php","meta":{"footnotes":""},"class_list":["post-3562","page","type-page","status-publish","hentry"],"yoast_head":"<!-- This site is optimized with the Yoast SEO plugin v27.5 - https:\/\/yoast.com\/product\/yoast-seo-wordpress\/ -->\n<title>Student Contract - Meng\u00fcta\u015f Language School<\/title>\n<meta name=\"robots\" content=\"index, follow, max-snippet:-1, max-image-preview:large, max-video-preview:-1\" \/>\n<link rel=\"canonical\" href=\"https:\/\/www.mengutas.com\/en\/student-contract\/\" \/>\n<meta property=\"og:locale\" content=\"en_US\" \/>\n<meta property=\"og:type\" content=\"article\" \/>\n<meta property=\"og:title\" content=\"Student Contract - Meng\u00fcta\u015f Language School\" \/>\n<meta property=\"og:description\" content=\"Meng\u00fcta\u015f Student Contract The authority to change or reschedule classes, change class hours, classrooms and teachers belongs to the management of MENG\u00dcTA\u015e. Registration fees for classes that are canceled due to reasons originating from MENG\u00dcTA\u015e are returned. In order to receive a refund, an invoice or original receipt, a petition, [\u2026] Read More\" \/>\n<meta property=\"og:url\" content=\"https:\/\/www.mengutas.com\/en\/student-contract\/\" \/>\n<meta property=\"og:site_name\" content=\"Meng\u00fcta\u015f Language School\" \/>\n<meta property=\"article:modified_time\" content=\"2025-10-06T09:22:56+00:00\" \/>\n<meta property=\"og:image\" content=\"https:\/\/www.mengutas.com\/en\/wp-content\/uploads\/2022\/06\/Contract.jpg\" \/>\n\t<meta property=\"og:image:width\" content=\"1280\" \/>\n\t<meta property=\"og:image:height\" content=\"640\" \/>\n\t<meta property=\"og:image:type\" content=\"image\/jpeg\" \/>\n<meta name=\"twitter:card\" content=\"summary_large_image\" \/>\n<meta name=\"twitter:label1\" content=\"Est. reading time\" \/>\n\t<meta name=\"twitter:data1\" content=\"2 minutes\" \/>\n<script type=\"application\/ld+json\" class=\"yoast-schema-graph\">{\"@context\":\"https:\\\/\\\/schema.org\",\"@graph\":[{\"@type\":\"WebPage\",\"@id\":\"https:\\\/\\\/www.mengutas.com\\\/en\\\/student-contract\\\/\",\"url\":\"https:\\\/\\\/www.mengutas.com\\\/en\\\/student-contract\\\/\",\"name\":\"Student Contract - Meng\u00fcta\u015f Language School\",\"isPartOf\":{\"@id\":\"https:\\\/\\\/www.mengutas.com\\\/en\\\/#website\"},\"primaryImageOfPage\":{\"@id\":\"https:\\\/\\\/www.mengutas.com\\\/en\\\/student-contract\\\/#primaryimage\"},\"image\":{\"@id\":\"https:\\\/\\\/www.mengutas.com\\\/en\\\/student-contract\\\/#primaryimage\"},\"thumbnailUrl\":\"https:\\\/\\\/www.mengutas.com\\\/en\\\/wp-content\\\/uploads\\\/2022\\\/06\\\/Contract.jpg\",\"datePublished\":\"2022-06-22T13:47:47+00:00\",\"dateModified\":\"2025-10-06T09:22:56+00:00\",\"breadcrumb\":{\"@id\":\"https:\\\/\\\/www.mengutas.com\\\/en\\\/student-contract\\\/#breadcrumb\"},\"inLanguage\":\"en-US\",\"potentialAction\":[{\"@type\":\"ReadAction\",\"target\":[\"https:\\\/\\\/www.mengutas.com\\\/en\\\/student-contract\\\/\"]}]},{\"@type\":\"ImageObject\",\"inLanguage\":\"en-US\",\"@id\":\"https:\\\/\\\/www.mengutas.com\\\/en\\\/student-contract\\\/#primaryimage\",\"url\":\"https:\\\/\\\/www.mengutas.com\\\/en\\\/wp-content\\\/uploads\\\/2022\\\/06\\\/Contract.jpg\",\"contentUrl\":\"https:\\\/\\\/www.mengutas.com\\\/en\\\/wp-content\\\/uploads\\\/2022\\\/06\\\/Contract.jpg\",\"width\":1280,\"height\":640},{\"@type\":\"BreadcrumbList\",\"@id\":\"https:\\\/\\\/www.mengutas.com\\\/en\\\/student-contract\\\/#breadcrumb\",\"itemListElement\":[{\"@type\":\"ListItem\",\"position\":1,\"name\":\"Home\",\"item\":\"https:\\\/\\\/www.mengutas.com\\\/en\\\/\"},{\"@type\":\"ListItem\",\"position\":2,\"name\":\"Student Contract\"}]},{\"@type\":\"WebSite\",\"@id\":\"https:\\\/\\\/www.mengutas.com\\\/en\\\/#website\",\"url\":\"https:\\\/\\\/www.mengutas.com\\\/en\\\/\",\"name\":\"Meng\u00fcta\u015f Language School\",\"description\":\"Learn Foreign Languages From Foreigner\",\"publisher\":{\"@id\":\"https:\\\/\\\/www.mengutas.com\\\/en\\\/#organization\"},\"potentialAction\":[{\"@type\":\"SearchAction\",\"target\":{\"@type\":\"EntryPoint\",\"urlTemplate\":\"https:\\\/\\\/www.mengutas.com\\\/en\\\/?s={search_term_string}\"},\"query-input\":{\"@type\":\"PropertyValueSpecification\",\"valueRequired\":true,\"valueName\":\"search_term_string\"}}],\"inLanguage\":\"en-US\"},{\"@type\":\"Organization\",\"@id\":\"https:\\\/\\\/www.mengutas.com\\\/en\\\/#organization\",\"name\":\"Meng\u00fcta\u015f Language School\",\"url\":\"https:\\\/\\\/www.mengutas.com\\\/en\\\/\",\"logo\":{\"@type\":\"ImageObject\",\"inLanguage\":\"en-US\",\"@id\":\"https:\\\/\\\/www.mengutas.com\\\/en\\\/#\\\/schema\\\/logo\\\/image\\\/\",\"url\":\"https:\\\/\\\/www.mengutas.com\\\/en\\\/wp-content\\\/uploads\\\/2024\\\/02\\\/cropped-Mengutas-Web-Logo.jpg\",\"contentUrl\":\"https:\\\/\\\/www.mengutas.com\\\/en\\\/wp-content\\\/uploads\\\/2024\\\/02\\\/cropped-Mengutas-Web-Logo.jpg\",\"width\":2158,\"height\":408,\"caption\":\"Meng\u00fcta\u015f Language School\"},\"image\":{\"@id\":\"https:\\\/\\\/www.mengutas.com\\\/en\\\/#\\\/schema\\\/logo\\\/image\\\/\"}}]}<\/script>\n<!-- \/ Yoast SEO plugin. -->","yoast_head_json":{"title":"Student Contract - Meng\u00fcta\u015f Language School","robots":{"index":"index","follow":"follow","max-snippet":"max-snippet:-1","max-image-preview":"max-image-preview:large","max-video-preview":"max-video-preview:-1"},"canonical":"https:\/\/www.mengutas.com\/en\/student-contract\/","og_locale":"en_US","og_type":"article","og_title":"Student Contract - Meng\u00fcta\u015f Language School","og_description":"Meng\u00fcta\u015f Student Contract The authority to change or reschedule classes, change class hours, classrooms and teachers belongs to the management of MENG\u00dcTA\u015e. Registration fees for classes that are canceled due to reasons originating from MENG\u00dcTA\u015e are returned. In order to receive a refund, an invoice or original receipt, a petition, [\u2026] Read More","og_url":"https:\/\/www.mengutas.com\/en\/student-contract\/","og_site_name":"Meng\u00fcta\u015f Language School","article_modified_time":"2025-10-06T09:22:56+00:00","og_image":[{"width":1280,"height":640,"url":"https:\/\/www.mengutas.com\/en\/wp-content\/uploads\/2022\/06\/Contract.jpg","type":"image\/jpeg"}],"twitter_card":"summary_large_image","twitter_misc":{"Est. reading time":"2 minutes"},"schema":{"@context":"https:\/\/schema.org","@graph":[{"@type":"WebPage","@id":"https:\/\/www.mengutas.com\/en\/student-contract\/","url":"https:\/\/www.mengutas.com\/en\/student-contract\/","name":"Student Contract - Meng\u00fcta\u015f Language School","isPartOf":{"@id":"https:\/\/www.mengutas.com\/en\/#website"},"primaryImageOfPage":{"@id":"https:\/\/www.mengutas.com\/en\/student-contract\/#primaryimage"},"image":{"@id":"https:\/\/www.mengutas.com\/en\/student-contract\/#primaryimage"},"thumbnailUrl":"https:\/\/www.mengutas.com\/en\/wp-content\/uploads\/2022\/06\/Contract.jpg","datePublished":"2022-06-22T13:47:47+00:00","dateModified":"2025-10-06T09:22:56+00:00","breadcrumb":{"@id":"https:\/\/www.mengutas.com\/en\/student-contract\/#breadcrumb"},"inLanguage":"en-US","potentialAction":[{"@type":"ReadAction","target":["https:\/\/www.mengutas.com\/en\/student-contract\/"]}]},{"@type":"ImageObject","inLanguage":"en-US","@id":"https:\/\/www.mengutas.com\/en\/student-contract\/#primaryimage","url":"https:\/\/www.mengutas.com\/en\/wp-content\/uploads\/2022\/06\/Contract.jpg","contentUrl":"https:\/\/www.mengutas.com\/en\/wp-content\/uploads\/2022\/06\/Contract.jpg","width":1280,"height":640},{"@type":"BreadcrumbList","@id":"https:\/\/www.mengutas.com\/en\/student-contract\/#breadcrumb","itemListElement":[{"@type":"ListItem","position":1,"name":"Home","item":"https:\/\/www.mengutas.com\/en\/"},{"@type":"ListItem","position":2,"name":"Student Contract"}]},{"@type":"WebSite","@id":"https:\/\/www.mengutas.com\/en\/#website","url":"https:\/\/www.mengutas.com\/en\/","name":"Meng\u00fcta\u015f Language School","description":"Learn Foreign Languages From Foreigner","publisher":{"@id":"https:\/\/www.mengutas.com\/en\/#organization"},"potentialAction":[{"@type":"SearchAction","target":{"@type":"EntryPoint","urlTemplate":"https:\/\/www.mengutas.com\/en\/?s={search_term_string}"},"query-input":{"@type":"PropertyValueSpecification","valueRequired":true,"valueName":"search_term_string"}}],"inLanguage":"en-US"},{"@type":"Organization","@id":"https:\/\/www.mengutas.com\/en\/#organization","name":"Meng\u00fcta\u015f Language School","url":"https:\/\/www.mengutas.com\/en\/","logo":{"@type":"ImageObject","inLanguage":"en-US","@id":"https:\/\/www.mengutas.com\/en\/#\/schema\/logo\/image\/","url":"https:\/\/www.mengutas.com\/en\/wp-content\/uploads\/2024\/02\/cropped-Mengutas-Web-Logo.jpg","contentUrl":"https:\/\/www.mengutas.com\/en\/wp-content\/uploads\/2024\/02\/cropped-Mengutas-Web-Logo.jpg","width":2158,"height":408,"caption":"Meng\u00fcta\u015f Language School"},"image":{"@id":"https:\/\/www.mengutas.com\/en\/#\/schema\/logo\/image\/"}}]}},"_links":{"self":[{"href":"https:\/\/www.mengutas.com\/en\/wp-json\/wp\/v2\/pages\/3562","targetHints":{"allow":["GET"]}}],"collection":[{"href":"https:\/\/www.mengutas.com\/en\/wp-json\/wp\/v2\/pages"}],"about":[{"href":"https:\/\/www.mengutas.com\/en\/wp-json\/wp\/v2\/types\/page"}],"author":[{"embeddable":true,"href":"https:\/\/www.mengutas.com\/en\/wp-json\/wp\/v2\/users\/1"}],"replies":[{"embeddable":true,"href":"https:\/\/www.mengutas.com\/en\/wp-json\/wp\/v2\/comments?post=3562"}],"version-history":[{"count":11,"href":"https:\/\/www.mengutas.com\/en\/wp-json\/wp\/v2\/pages\/3562\/revisions"}],"predecessor-version":[{"id":3822,"href":"https:\/\/www.mengutas.com\/en\/wp-json\/wp\/v2\/pages\/3562\/revisions\/3822"}],"wp:attachment":[{"href":"https:\/\/www.mengutas.com\/en\/wp-json\/wp\/v2\/media?parent=3562"}],"curies":[{"name":"wp","href":"https:\/\/api.w.org\/{rel}","templated":true}]}}